{"id":2305,"date":"2018-07-03T11:41:02","date_gmt":"2018-07-03T08:41:02","guid":{"rendered":"https:\/\/agrikumppanit.fi\/referenssit\/"},"modified":"2018-07-03T15:22:16","modified_gmt":"2018-07-03T12:22:16","slug":"references","status":"publish","type":"page","link":"https:\/\/agrikumppanit.fi\/en\/references\/","title":{"rendered":"References"},"content":{"rendered":"<div class=\"fusion-fullwidth fullwidth-box fusion-builder-row-1 nonhundred-percent-fullwidth non-hundred-percent-height-scrolling\" style=\"--awb-background-position:center bottom;--awb-border-radius-top-left:0px;--awb-border-radius-top-right:0px;--awb-border-radius-bottom-right:0px;--awb-border-radius-bottom-left:0px;--awb-padding-top:0px;--awb-padding-right:0px;--awb-padding-left:0px;--awb-background-color:rgba(0,0,0,0);--awb-flex-wrap:wrap;\" ><div class=\"fusion-builder-row fusion-row\"><div class=\"fusion-layout-column fusion_builder_column fusion-builder-column-0 fusion_builder_column_1_1 1_1 fusion-one-full fusion-column-first fusion-column-last\" style=\"--awb-bg-size:cover;\"><div class=\"fusion-column-wrapper fusion-flex-column-wrapper-legacy\"><div class=\"fusion-title title fusion-title-1 fusion-sep-none fusion-title-text fusion-title-size-one\"><h1 class=\"fusion-title-heading title-heading-left fusion-responsive-typography-calculated\" style=\"margin:0;--fontSize:34;line-height:1.4;\">References<\/h1><\/div><div class=\"fusion-title title fusion-title-2 fusion-sep-none fusion-title-text fusion-title-size-two\"><h2 class=\"fusion-title-heading title-heading-left fusion-responsive-typography-calculated\" style=\"margin:0;--fontSize:18;--minFontSize:18;line-height:1.5;\">2017<\/h2><\/div><div class=\"fusion-text fusion-text-1\"><ul>\n<li>5 pcs Symaga 444 m3, Skandia-t\u00e4ytt\u00f6kuljetin ja Wheatheart-ruuvit, Mellil\u00e4<\/li>\n<li>3 pcs Antti 413 m3 + kolme Skandia-kuljetinta, Myrskyl\u00e4<\/li>\n<li>3 pcs Symaga 130 m3 + Mepu-vaunukuivuri, Lapinj\u00e4rvi<\/li>\n<li>1 Antti 464 m3 + Antti 53MF4-kuivaamo, N\u00e4rpi\u00f6<\/li>\n<li>2 pcs Symaga 272 m3 + Skandia-kuljetin, M\u00e4nts\u00e4l\u00e4<\/li>\n<li>1 Antti 166 m3 + Antti-vaunukuivuri, Luvia<\/li>\n<li>1 Antti 413 m3, Alastaro<\/li>\n<li>2 pcs Antti 381 m3, Eura<\/li>\n<li>2 pcs Antti 216 m3, S\u00e4kyl\u00e4<\/li>\n<li>1 Symaga 100 m3, Eura<\/li>\n<li>1 Antti 413 m3, Hausj\u00e4rvi<\/li>\n<\/ul>\n<p>We have also changed and repaired some dryers and elevators.<\/p>\n<\/div><div class=\"fusion-title title fusion-title-3 fusion-sep-none fusion-title-text fusion-title-size-two\"><h2 class=\"fusion-title-heading title-heading-left fusion-responsive-typography-calculated\" style=\"margin:0;--fontSize:18;--minFontSize:18;line-height:1.5;\">2016<\/h2><\/div><div class=\"fusion-text fusion-text-2\"><ul>\n<li>2 kpl Antti 564 m3 + kaatosuppilo ja kuljettimet, Kauhava<\/li>\n<li>2 kpl Twister 443 m3 + 42 m Skandia-kuljetin, Sastamala<\/li>\n<li>2 kpl Twister 200 m3 + Skandia-kuljetin, Alastaro<\/li>\n<li>2 kpl Antti 135 m3 + tyhjennys ja t\u00e4ytt\u00f6, Sastamala<\/li>\n<li>1 kpl Twister 571 m3, P\u00f6yty\u00e4<\/li>\n<\/ul>\n<\/div><div class=\"fusion-title title fusion-title-4 fusion-sep-none fusion-title-text fusion-title-size-two\"><h2 class=\"fusion-title-heading title-heading-left fusion-responsive-typography-calculated\" style=\"margin:0;--fontSize:18;--minFontSize:18;line-height:1.5;\">2015<\/h2><\/div><div class=\"fusion-text fusion-text-3\"><ul>\n<li>2 pcs grain silo about 300 m3 repairing, Loimaa<\/li>\n<li>1 Antti-Teollisuus drying cabinet disassembly and installation of a new one 34 m3, P\u00f6yty\u00e4<\/li>\n<li>1 Neuero 532 m3, Huittinen<\/li>\n<li>1 Neuero 986 m3, P\u00e4lk\u00e4ne<\/li>\n<li>1 Neuero 330 m3, K\u00f6yli\u00f6<\/li>\n<li>1 Neuero 448 m3, Tohmaj\u00e4rvi<\/li>\n<li>2 pcs Frame 1400 m3 + conveyer installations, Orip\u00e4\u00e4<\/li>\n<li>1 Mepu Twister 1200 m3, Kokem\u00e4ki<\/li>\n<li>1 Mepu Grain Guard 1300 m3, Loimaa<\/li>\n<li>1 Mepu Twister 150 m3, Punkalaidun<\/li>\n<li>2 pcs Neuero NLT grain silo about 150 m3, Keski-Suomi<\/li>\n<\/ul>\n<\/div><div class=\"fusion-title title fusion-title-5 fusion-sep-none fusion-title-text fusion-title-size-two\"><h2 class=\"fusion-title-heading title-heading-left fusion-responsive-typography-calculated\" style=\"margin:0;--fontSize:18;--minFontSize:18;line-height:1.5;\">2014<\/h2><\/div><div class=\"fusion-text fusion-text-4\"><ul>\n<li>1 Mepu Twister 160 m3 + screws, Jyv\u00e4skyl\u00e4<\/li>\n<li>1 Mepu Twister 300 m3 + Antti E-elevator, Loimaa<\/li>\n<li>3 pcs Neuero NLT 100 m3, Alastaro<\/li>\n<\/ul>\n<\/div><div class=\"fusion-title title fusion-title-6 fusion-sep-none fusion-title-text fusion-title-size-two\"><h2 class=\"fusion-title-heading title-heading-left fusion-responsive-typography-calculated\" style=\"margin:0;--fontSize:18;--minFontSize:18;line-height:1.5;\">2013<\/h2><\/div><div class=\"fusion-text fusion-text-5\"><ul>\n<li>4 pcs Mepu Twister 200 m3 + conveyers, Lieto<\/li>\n<li>2 pcs Antti 200 m3 + conveyers, Alastaro<\/li>\n<li>1 Antti 170 m3 + screws, Alastaro<\/li>\n<li>2 pcs Antti 160 m3 + mobile dryer, Loimaa<\/li>\n<li>1 Sami 180 m3 + screws, Alastaro<\/li>\n<li>2 pcs Mepu Twister 100 m3 + Rocket blowers, P\u00f6yty\u00e4<\/li>\n<li>1 Mepu Twister 110 m3, Porvoo<\/li>\n<li>1 Mepu Twister 260 m3, Loimaa<\/li>\n<li>2 pcs Skandia conveyer installations, Mellil\u00e4<\/li>\n<\/ul>\n<\/div><div class=\"fusion-clearfix\"><\/div><\/div><\/div><div class=\"fusion-layout-column fusion_builder_column fusion-builder-column-1 fusion_builder_column_1_1 1_1 fusion-one-full fusion-column-first fusion-column-last\" style=\"--awb-bg-size:cover;\"><div class=\"fusion-column-wrapper fusion-flex-column-wrapper-legacy\"><div class=\"fusion-title title fusion-title-7 fusion-sep-none fusion-title-center fusion-title-text fusion-title-size-three\"><h3 class=\"fusion-title-heading title-heading-center fusion-responsive-typography-calculated\" style=\"margin:0;--fontSize:16;--minFontSize:16;line-height:1.5;\">Contact a professional if you want to expand your silo capacity.<\/h3><\/div><div class=\"fusion-text fusion-text-6\"><p style=\"text-align: center;\"><strong>Martti Tytykoski<\/strong><br \/>\nSales Silo and conveyor installations<br \/>\n<a href=\"tel:+358503426621\">+358 50 342 6621<\/a><br \/>\n<a href=\"mailto:martti.tytykoski@agrikumppanit.fi\">martti.tytykoski@agrikumppanit.fi<\/a><\/p>\n<\/div><div class=\"fusion-clearfix\"><\/div><\/div><\/div><\/div><\/div>\n","protected":false},"excerpt":{"rendered":"","protected":false},"author":1,"featured_media":0,"parent":0,"menu_order":0,"comment_status":"closed","ping_status":"closed","template":"100-width.php","meta":{"footnotes":""},"class_list":["post-2305","page","type-page","status-publish","hentry"],"_links":{"self":[{"href":"https:\/\/agrikumppanit.fi\/en\/wp-json\/wp\/v2\/pages\/2305","targetHints":{"allow":["GET"]}}],"collection":[{"href":"https:\/\/agrikumppanit.fi\/en\/wp-json\/wp\/v2\/pages"}],"about":[{"href":"https:\/\/agrikumppanit.fi\/en\/wp-json\/wp\/v2\/types\/page"}],"author":[{"embeddable":true,"href":"https:\/\/agrikumppanit.fi\/en\/wp-json\/wp\/v2\/users\/1"}],"replies":[{"embeddable":true,"href":"https:\/\/agrikumppanit.fi\/en\/wp-json\/wp\/v2\/comments?post=2305"}],"version-history":[{"count":0,"href":"https:\/\/agrikumppanit.fi\/en\/wp-json\/wp\/v2\/pages\/2305\/revisions"}],"wp:attachment":[{"href":"https:\/\/agrikumppanit.fi\/en\/wp-json\/wp\/v2\/media?parent=2305"}],"curies":[{"name":"wp","href":"https:\/\/api.w.org\/{rel}","templated":true}]}}